{"id":1517,"date":"2023-09-20T10:46:32","date_gmt":"2023-09-20T10:46:32","guid":{"rendered":"https:\/\/3d4you.net\/siparis-iadesi\/"},"modified":"2023-11-27T12:36:46","modified_gmt":"2023-11-27T12:36:46","slug":"siparis-iadesi","status":"publish","type":"page","link":"https:\/\/3d4you.net\/tr\/siparis-iadesi\/","title":{"rendered":"Sipari\u015f iadesi"},"content":{"rendered":"\t\t<div data-elementor-type=\"wp-page\" data-elementor-id=\"1517\" class=\"elementor elementor-1517 elementor-877\" data-elementor-post-type=\"page\">\n\t\t\t\t\t\t\t\t\t<section class=\"elementor-section elementor-top-section elementor-element elementor-element-2e0b1d9b elementor-section-height-min-height elementor-section-items-top elementor-section-boxed elementor-section-height-default\" data-id=\"2e0b1d9b\" data-element_type=\"section\" data-settings=\"{&quot;background_background&quot;:&quot;classic&quot;,&quot;shape_divider_top&quot;:&quot;tilt&quot;}\">\n\t\t\t\t\t\t\t<div class=\"elementor-background-overlay\"><\/div>\n\t\t\t\t\t\t<div class=\"elementor-shape elementor-shape-top\" data-negative=\"false\">\n\t\t\t<svg xmlns=\"http:\/\/www.w3.org\/2000\/svg\" viewBox=\"0 0 1000 100\" preserveAspectRatio=\"none\">\n\t<path class=\"elementor-shape-fill\" d=\"M0,6V0h1000v100L0,6z\"\/>\n<\/svg>\t\t<\/div>\n\t\t\t\t\t<div class=\"elementor-container elementor-column-gap-default\">\n\t\t\t\t\t<div class=\"elementor-column elementor-col-100 elementor-top-column elementor-element elementor-element-cb96c5b\" data-id=\"cb96c5b\" data-element_type=\"column\">\n\t\t\t<div class=\"elementor-widget-wrap elementor-element-populated\">\n\t\t\t\t\t\t\t\t<section class=\"elementor-section elementor-inner-section elementor-element elementor-element-7dfea667 elementor-section-boxed elementor-section-height-default elementor-section-height-default\" data-id=\"7dfea667\" data-element_type=\"section\">\n\t\t\t\t\t\t<div class=\"elementor-container elementor-column-gap-default\">\n\t\t\t\t\t<div class=\"elementor-column elementor-col-50 elementor-inner-column elementor-element elementor-element-6f266bd3\" data-id=\"6f266bd3\" data-element_type=\"column\">\n\t\t\t<div class=\"elementor-widget-wrap elementor-element-populated\">\n\t\t\t\t\t\t\t\t<div class=\"elementor-element elementor-element-8ee694f elementor-widget-tablet__width-initial elementor-invisible elementor-widget elementor-widget-heading\" data-id=\"8ee694f\" data-element_type=\"widget\" data-settings=\"{&quot;_animation&quot;:&quot;fadeInRight&quot;}\" data-widget_type=\"heading.default\">\n\t\t\t\t<div class=\"elementor-widget-container\">\n\t\t\t<style>\/*! elementor - v3.15.0 - 20-08-2023 *\/\n.elementor-heading-title{padding:0;margin:0;line-height:1}.elementor-widget-heading .elementor-heading-title[class*=elementor-size-]>a{color:inherit;font-size:inherit;line-height:inherit}.elementor-widget-heading .elementor-heading-title.elementor-size-small{font-size:15px}.elementor-widget-heading .elementor-heading-title.elementor-size-medium{font-size:19px}.elementor-widget-heading .elementor-heading-title.elementor-size-large{font-size:29px}.elementor-widget-heading .elementor-heading-title.elementor-size-xl{font-size:39px}.elementor-widget-heading .elementor-heading-title.elementor-size-xxl{font-size:59px}<\/style><h3 class=\"elementor-heading-title elementor-size-default\">Hayallerinizi Yazd\u0131r\u0131n <br>\n\u0130ste\u011fe Ba\u011fl\u0131 3D Modellerimizle<\/h3>\t\t<\/div>\n\t\t\t\t<\/div>\n\t\t\t\t<div class=\"elementor-element elementor-element-b0530f6 elementor-widget elementor-widget-heading\" data-id=\"b0530f6\" data-element_type=\"widget\" data-widget_type=\"heading.default\">\n\t\t\t\t<div class=\"elementor-widget-container\">\n\t\t\t<h5 class=\"elementor-heading-title elementor-size-default\">3D modellerimiz aras\u0131ndan se\u00e7im yap\u0131n veya tasar\u0131m\u0131n\u0131z\u0131 bize g\u00f6nderin, biz de hayata ge\u00e7irelim.<\/h5>\t\t<\/div>\n\t\t\t\t<\/div>\n\t\t\t\t<div class=\"elementor-element elementor-element-58a2915e elementor-widget__width-auto elementor-mobile-align-justify elementor-widget-mobile__width-inherit elementor-invisible elementor-widget elementor-widget-button\" data-id=\"58a2915e\" data-element_type=\"widget\" data-settings=\"{&quot;_animation&quot;:&quot;fadeIn&quot;,&quot;_animation_delay&quot;:1080}\" data-widget_type=\"button.default\">\n\t\t\t\t<div class=\"elementor-widget-container\">\n\t\t\t\t\t<div class=\"elementor-button-wrapper\">\n\t\t\t<a class=\"elementor-button elementor-button-link elementor-size-md\" href=\"#\">\n\t\t\t\t\t\t<span class=\"elementor-button-content-wrapper\">\n\t\t\t\t\t\t<span class=\"elementor-button-icon elementor-align-icon-left\">\n\t\t\t\t<i aria-hidden=\"true\" class=\"icon icon-shopping-cart1\"><\/i>\t\t\t<\/span>\n\t\t\t\t\t\t<span class=\"elementor-button-text\">Sat\u0131n Al<\/span>\n\t\t<\/span>\n\t\t\t\t\t<\/a>\n\t\t<\/div>\n\t\t\t\t<\/div>\n\t\t\t\t<\/div>\n\t\t\t\t\t<\/div>\n\t\t<\/div>\n\t\t\t\t<div class=\"elementor-column elementor-col-50 elementor-inner-column elementor-element elementor-element-d7a63f7\" data-id=\"d7a63f7\" data-element_type=\"column\">\n\t\t\t<div class=\"elementor-widget-wrap\">\n\t\t\t\t\t\t\t\t\t<\/div>\n\t\t<\/div>\n\t\t\t\t\t\t\t<\/div>\n\t\t<\/section>\n\t\t\t\t\t<\/div>\n\t\t<\/div>\n\t\t\t\t\t\t\t<\/div>\n\t\t<\/section>\n\t\t<div class=\"elementor-element elementor-element-5b7ab8a e-flex e-con-boxed e-con\" data-id=\"5b7ab8a\" data-element_type=\"container\" data-settings=\"{&quot;content_width&quot;:&quot;boxed&quot;}\">\n\t\t\t\t\t<div class=\"e-con-inner\">\n\t\t\t\t<div class=\"elementor-element elementor-element-3162ea7 elementor-widget elementor-widget-text-editor\" data-id=\"3162ea7\" data-element_type=\"widget\" data-widget_type=\"text-editor.default\">\n\t\t\t\t<div class=\"elementor-widget-container\">\n\t\t\t<style>\/*! elementor - v3.15.0 - 20-08-2023 *\/\n.elementor-widget-text-editor.elementor-drop-cap-view-stacked .elementor-drop-cap{background-color:#69727d;color:#fff}.elementor-widget-text-editor.elementor-drop-cap-view-framed .elementor-drop-cap{color:#69727d;border:3px solid;background-color:transparent}.elementor-widget-text-editor:not(.elementor-drop-cap-view-default) .elementor-drop-cap{margin-top:8px}.elementor-widget-text-editor:not(.elementor-drop-cap-view-default) .elementor-drop-cap-letter{width:1em;height:1em}.elementor-widget-text-editor .elementor-drop-cap{float:left;text-align:center;line-height:1;font-size:50px}.elementor-widget-text-editor .elementor-drop-cap-letter{display:inline-block}<\/style>\t\t\t\t<h3><strong>Sipari\u015f \u0130ade Politikas\u0131<\/strong><\/h3><h4><strong>3D4You&#8217;ya ho\u015f geldiniz!<br \/><br \/>\u00c7ok \u00f6nemli Uyar\u0131:<br \/><\/strong><\/h4><p><strong>\u00dcr\u00fcnlerimiz \u00f6zel 3D bask\u0131l\u0131d\u0131r ve m\u00fc\u015fterilerimizin \u00f6zel tercihlerine veya gereksinimlerine g\u00f6re uyarlanm\u0131\u015ft\u0131r. Bu nedenle, kusurlu \u00fcr\u00fcn durumu haricinde iade kabul edemiyoruz veya cayma hakk\u0131n\u0131 kullanam\u0131yoruz.<\/strong><\/p><p><strong>Bu politika, 27.11.2014 tarihli Resmi Gazete&#8217;de yay\u0131mlanan Mesafeli S\u00f6zle\u015fmeler Y\u00f6netmeli\u011fi&#8217;nin &#8220;Cayma hakk\u0131n\u0131n istisnalar\u0131&#8221; ba\u015fl\u0131kl\u0131 15. maddesi h\u00fck\u00fcmlerine uygun olup, ikinci f\u0131kra uyar\u0131nca<\/strong><\/p><p><strong>ALICI a\u015fa\u011f\u0131da belirtilen durumda cayma hakk\u0131n\u0131 kullanamayacakt\u0131r:<\/strong><\/p><p><strong>T\u00fcketicinin istekleri veya ki\u015fisel ihtiya\u00e7lar\u0131 do\u011frultusunda haz\u0131rlanan mallarda.<\/strong><\/p><h4><strong>Cayma Hakk\u0131n\u0131n Kullan\u0131lmas\u0131na \u0130li\u015fkin Bilgiler:<\/strong><\/h4><h4 style=\"padding-left: 40px;\"><strong>Sat\u0131n Ald\u0131\u011f\u0131m \u00dcr\u00fcn Ay\u0131pl\u0131 veya Kusurlu ise Ne Yapmal\u0131y\u0131m?<\/strong><\/h4><p style=\"padding-left: 40px;\">Sat\u0131n alm\u0131\u015f oldu\u011funuz \u00fcr\u00fcn ve \u00fcr\u00fcnleri kusurlu oldu\u011funu bildirmek i\u00e7in 3D4you.net\/support\u2019dan \u201c\u0130ade Talep Et\u201d b\u00f6l\u00fcm\u00fc se\u00e7iniz, iade sebebiniz ile birlikte talebinizi bize ula\u015ft\u0131rman\u0131z sonras\u0131nda iade etmek istedi\u011finiz \u00fcr\u00fcn ve \u00fcr\u00fcnleri; \u00dcr\u00fcnleri hasar g\u00f6rmeyecek \u015fekilde faturas\u0131 ile birlikte g\u00f6nderimini sa\u011flaman\u0131z gerekmektedir.<\/p><p style=\"padding-left: 40px;\">G\u00f6ndermi\u015f oldu\u011funuz iade \u00fcr\u00fcnler taraf\u0131m\u0131za ula\u015ft\u0131ktan sonra 7 i\u015f g\u00fcn\u00fc i\u00e7inde hesab\u0131n\u0131za \u00fccret iadesi ger\u00e7ekle\u015ftirilir.<\/p><p style=\"padding-left: 40px;\">Sorunun \u00fcr\u00fcn\u00fcn yanl\u0131\u015f kullan\u0131m\u0131na ba\u011fl\u0131 olarak kullan\u0131c\u0131 hatas\u0131ndan (\u00e7arpma, k\u0131rma, bozma, d\u00fc\u015fme sonucu k\u0131r\u0131lma, yanl\u0131\u015f montaj, yanl\u0131\u015f kullan\u0131m\u2026vb) kaynakland\u0131\u011f\u0131 tespit edilen durumlarda \u00fcr\u00fcn iadesi al\u0131nmaz.<\/p><p style=\"padding-left: 40px;\">Kusurun kullan\u0131mdan \/ kullan\u0131c\u0131 hatas\u0131ndan kaynaklanmad\u0131\u011f\u0131 durumlarda \u00fcr\u00fcn inceleme ama\u00e7l\u0131 taraf\u0131m\u0131za g\u00f6ndermeniz gerekmektedir.<\/p><p style=\"padding-left: 40px;\">\u0130nceleme sonucunda kusurlu oldu\u011fu bildirilen \u00fcr\u00fcndeki ar\u0131zan\u0131n kullan\u0131ma ba\u011fl\u0131 olu\u015fmad\u0131\u011f\u0131, \u00fcr\u00fcn\u00fcn kusuru oldu\u011fu tespit edildi\u011finde taraf\u0131n\u0131za \u00fcr\u00fcn\u00fcn; kusursuz olan yenisi g\u00f6nderilir ya da iste\u011finize g\u00f6re iadesi al\u0131n\u0131r.<\/p><p style=\"padding-left: 40px;\">Kullan\u0131c\u0131 kusurundan kaynaklanan ar\u0131zalar iade ve garanti kapsam\u0131 d\u0131\u015f\u0131ndad\u0131r. (D\u00fc\u015fme, k\u0131r\u0131lma, yetkisiz tamir, yanma vb.)<\/p><p style=\"padding-left: 40px;\">Teslim tarihinden itibaren ilk 2 g\u00fcn i\u00e7erisinde ar\u0131za bildirimi yapman\u0131z ve \u00fcr\u00fcn\u00fc g\u00f6ndermeniz durumunda s\u00f6z konusu ar\u0131zan\u0131n tespit edilmesiyle beraber hakk\u0131n\u0131z\u0131 kullanabilirsiniz.<\/p><p style=\"padding-left: 40px;\">\u00dcr\u00fcn\u00fcn kendisinde ya da orijinal ambalaj\u0131nda \u00e7izik, bant, etiket veya herhangi bir hasar olmamas\u0131na dikkat ediniz. \u00dcr\u00fcnle birlikte sat\u0131\u015f faturas\u0131 ile birlikte t\u00fcm n\u00fcshalar\u0131 g\u00f6nderilmelidir. Ar\u0131zal\u0131 \u00fcr\u00fcn firmam\u0131za ula\u015ft\u0131\u011f\u0131 g\u00fcn ar\u0131za tespiti i\u00e7in teknik servisimize al\u0131n\u0131r, ar\u0131za tespiti 3 i\u015f g\u00fcn\u00fc i\u00e7inde yap\u0131l\u0131r. Ar\u0131za raporu onayland\u0131ktan sonra iade s\u00fcreci ba\u015flat\u0131lacakt\u0131r.<\/p><h4 style=\"padding-left: 40px;\">\u00a0<\/h4><p>\u0130ade Etti\u011fim \u00dcr\u00fcn\u00fcn \u00d6demesini Ne Zaman Alabilirim?<\/p><p style=\"padding-left: 40px;\">\u0130ade edilen \u00fcr\u00fcnler i\u00e7in yap\u0131lacak \u00f6deme, \u00fcr\u00fcn bedeli ile birlikte sipari\u015fi olu\u015fturma s\u0131ras\u0131nda \u00f6dedi\u011finiz kargo bedeli kadard\u0131r. Kredi kart\u0131na iade edilecek tutar bankan\u0131z\u0131n iade prosed\u00fcr\u00fcne ba\u011fl\u0131 olarak 10 i\u015f g\u00fcn\u00fc i\u00e7inde tamamlanabilir. Banka Havale\/EFT ile yapt\u0131\u011f\u0131n\u0131z \u00f6demelerde ise IBAN numaras\u0131n\u0131 belirtmeniz gerekmektedir. Havale\/EFT \u00f6demeleri en ge\u00e7 3 i\u015f g\u00fcn\u00fc i\u00e7inde ger\u00e7ekle\u015ftirilmektedir.<\/p>\t\t\t\t\t\t<\/div>\n\t\t\t\t<\/div>\n\t\t\t\t\t<\/div>\n\t\t\t\t<\/div>\n\t\t\t\t\t\t\t<\/div>\n\t\t","protected":false},"excerpt":{"rendered":"<p>Hayallerinizi Yazd\u0131r\u0131n \u0130ste\u011fe Ba\u011fl\u0131 3D Modellerimizle 3D modellerimiz aras\u0131ndan se\u00e7im yap\u0131n veya tasar\u0131m\u0131n\u0131z\u0131 bize g\u00f6nderin, biz de hayata ge\u00e7irelim. Sat\u0131n Al Sipari\u015f \u0130ade Politikas\u0131 3D4You&#8217;ya ho\u015f geldiniz! \u00c7ok \u00f6nemli Uyar\u0131: \u00dcr\u00fcnlerimiz \u00f6zel 3D bask\u0131l\u0131d\u0131r ve m\u00fc\u015fterilerimizin \u00f6zel tercihlerine veya gereksinimlerine g\u00f6re uyarlanm\u0131\u015ft\u0131r. Bu nedenle, kusurlu \u00fcr\u00fcn durumu haricinde iade kabul edemiyoruz veya cayma hakk\u0131n\u0131 kullanam\u0131yoruz. [&hellip;]<\/p>\n","protected":false},"author":1,"featured_media":0,"parent":0,"menu_order":0,"comment_status":"closed","ping_status":"closed","template":"","meta":{"footnotes":""},"class_list":["post-1517","page","type-page","status-publish","hentry"],"_links":{"self":[{"href":"https:\/\/3d4you.net\/tr\/wp-json\/wp\/v2\/pages\/1517","targetHints":{"allow":["GET"]}}],"collection":[{"href":"https:\/\/3d4you.net\/tr\/wp-json\/wp\/v2\/pages"}],"about":[{"href":"https:\/\/3d4you.net\/tr\/wp-json\/wp\/v2\/types\/page"}],"author":[{"embeddable":true,"href":"https:\/\/3d4you.net\/tr\/wp-json\/wp\/v2\/users\/1"}],"replies":[{"embeddable":true,"href":"https:\/\/3d4you.net\/tr\/wp-json\/wp\/v2\/comments?post=1517"}],"version-history":[{"count":19,"href":"https:\/\/3d4you.net\/tr\/wp-json\/wp\/v2\/pages\/1517\/revisions"}],"predecessor-version":[{"id":2482,"href":"https:\/\/3d4you.net\/tr\/wp-json\/wp\/v2\/pages\/1517\/revisions\/2482"}],"wp:attachment":[{"href":"https:\/\/3d4you.net\/tr\/wp-json\/wp\/v2\/media?parent=1517"}],"curies":[{"name":"wp","href":"https:\/\/api.w.org\/{rel}","templated":true}]}}