{"id":1568,"date":"2023-09-19T11:19:00","date_gmt":"2023-09-19T11:19:00","guid":{"rendered":"https:\/\/3d4you.net\/sartlar-ve-kosullar\/"},"modified":"2023-09-29T16:27:45","modified_gmt":"2023-09-29T16:27:45","slug":"sartlar-ve-kosullar","status":"publish","type":"page","link":"https:\/\/3d4you.net\/tr\/sartlar-ve-kosullar\/","title":{"rendered":"\u015eartlar ve Ko\u015fullar"},"content":{"rendered":"\t\t<div data-elementor-type=\"wp-page\" data-elementor-id=\"1568\" class=\"elementor elementor-1568 elementor-802\" data-elementor-post-type=\"page\">\n\t\t\t\t\t\t\t\t\t<section class=\"elementor-section elementor-top-section elementor-element elementor-element-2e0b1d9b elementor-section-height-min-height elementor-section-items-top elementor-section-full_width elementor-section-height-default\" data-id=\"2e0b1d9b\" data-element_type=\"section\" data-settings=\"{&quot;background_background&quot;:&quot;classic&quot;,&quot;shape_divider_top&quot;:&quot;tilt&quot;}\">\n\t\t\t\t\t\t\t<div class=\"elementor-background-overlay\"><\/div>\n\t\t\t\t\t\t<div class=\"elementor-shape elementor-shape-top\" data-negative=\"false\">\n\t\t\t<svg xmlns=\"http:\/\/www.w3.org\/2000\/svg\" viewBox=\"0 0 1000 100\" preserveAspectRatio=\"none\">\n\t<path class=\"elementor-shape-fill\" d=\"M0,6V0h1000v100L0,6z\"\/>\n<\/svg>\t\t<\/div>\n\t\t\t\t\t<div class=\"elementor-container elementor-column-gap-default\">\n\t\t\t\t\t<div class=\"elementor-column elementor-col-100 elementor-top-column elementor-element elementor-element-cb96c5b\" data-id=\"cb96c5b\" data-element_type=\"column\">\n\t\t\t<div class=\"elementor-widget-wrap elementor-element-populated\">\n\t\t\t\t\t\t\t\t<section class=\"elementor-section elementor-inner-section elementor-element elementor-element-7dfea667 elementor-section-boxed elementor-section-height-default elementor-section-height-default\" data-id=\"7dfea667\" data-element_type=\"section\">\n\t\t\t\t\t\t<div class=\"elementor-container elementor-column-gap-default\">\n\t\t\t\t\t<div class=\"elementor-column elementor-col-50 elementor-inner-column elementor-element elementor-element-6f266bd3\" data-id=\"6f266bd3\" data-element_type=\"column\">\n\t\t\t<div class=\"elementor-widget-wrap elementor-element-populated\">\n\t\t\t\t\t\t\t\t<div class=\"elementor-element elementor-element-8ee694f elementor-widget-tablet__width-initial elementor-invisible elementor-widget elementor-widget-heading\" data-id=\"8ee694f\" data-element_type=\"widget\" data-settings=\"{&quot;_animation&quot;:&quot;fadeInRight&quot;}\" data-widget_type=\"heading.default\">\n\t\t\t\t<div class=\"elementor-widget-container\">\n\t\t\t<style>\/*! elementor - v3.15.0 - 20-08-2023 *\/\n.elementor-heading-title{padding:0;margin:0;line-height:1}.elementor-widget-heading .elementor-heading-title[class*=elementor-size-]>a{color:inherit;font-size:inherit;line-height:inherit}.elementor-widget-heading .elementor-heading-title.elementor-size-small{font-size:15px}.elementor-widget-heading .elementor-heading-title.elementor-size-medium{font-size:19px}.elementor-widget-heading .elementor-heading-title.elementor-size-large{font-size:29px}.elementor-widget-heading .elementor-heading-title.elementor-size-xl{font-size:39px}.elementor-widget-heading .elementor-heading-title.elementor-size-xxl{font-size:59px}<\/style><h3 class=\"elementor-heading-title elementor-size-default\">Terms &amp; Conditions <\/h3>\t\t<\/div>\n\t\t\t\t<\/div>\n\t\t\t\t\t<\/div>\n\t\t<\/div>\n\t\t\t\t<div class=\"elementor-column elementor-col-50 elementor-inner-column elementor-element elementor-element-d7a63f7\" data-id=\"d7a63f7\" data-element_type=\"column\">\n\t\t\t<div class=\"elementor-widget-wrap\">\n\t\t\t\t\t\t\t\t\t<\/div>\n\t\t<\/div>\n\t\t\t\t\t\t\t<\/div>\n\t\t<\/section>\n\t\t\t\t\t<\/div>\n\t\t<\/div>\n\t\t\t\t\t\t\t<\/div>\n\t\t<\/section>\n\t\t<div class=\"elementor-element elementor-element-5b7ab8a e-flex e-con-boxed e-con\" data-id=\"5b7ab8a\" data-element_type=\"container\" data-settings=\"{&quot;content_width&quot;:&quot;boxed&quot;}\">\n\t\t\t\t\t<div class=\"e-con-inner\">\n\t\t\t\t<div class=\"elementor-element elementor-element-3162ea7 elementor-widget elementor-widget-text-editor\" data-id=\"3162ea7\" data-element_type=\"widget\" data-widget_type=\"text-editor.default\">\n\t\t\t\t<div class=\"elementor-widget-container\">\n\t\t\t<style>\/*! elementor - v3.15.0 - 20-08-2023 *\/\n.elementor-widget-text-editor.elementor-drop-cap-view-stacked .elementor-drop-cap{background-color:#69727d;color:#fff}.elementor-widget-text-editor.elementor-drop-cap-view-framed .elementor-drop-cap{color:#69727d;border:3px solid;background-color:transparent}.elementor-widget-text-editor:not(.elementor-drop-cap-view-default) .elementor-drop-cap{margin-top:8px}.elementor-widget-text-editor:not(.elementor-drop-cap-view-default) .elementor-drop-cap-letter{width:1em;height:1em}.elementor-widget-text-editor .elementor-drop-cap{float:left;text-align:center;line-height:1;font-size:50px}.elementor-widget-text-editor .elementor-drop-cap-letter{display:inline-block}<\/style>\t\t\t\t<h3><strong>\u015eartlar ve Ko\u015fullar<\/strong><\/h3><h4><strong>3D4You&#8217;ya ho\u015f geldiniz!<\/strong><\/h4><p>Bu \u015fartlar ve ko\u015fullar, https:\/\/www.3d4you.net adresinde bulunan 3D4You Web Sitesinin kullan\u0131m\u0131na ili\u015fkin kural ve d\u00fczenlemeleri \u00f6zetlemektedir.<\/p><p>Bu web sitesine eri\u015ferek bu \u015fart ve ko\u015fullar\u0131 kabul etti\u011finizi varsay\u0131yoruz. Bu sayfada belirtilen h\u00fck\u00fcm ve ko\u015fullar\u0131n tamam\u0131n\u0131 kabul etmiyorsan\u0131z 3D4You&#8217;yu kullanmaya devam etmeyin.<\/p><p><strong>\u00c7erezler::<\/strong><\/p><p>Web sitesi, \u00e7evrimi\u00e7i deneyiminizi ki\u015fiselle\u015ftirmenize yard\u0131mc\u0131 olmak i\u00e7in \u00e7erezleri kullan\u0131r. 3D4You&#8217;ya eri\u015ferek gerekli \u00e7erezleri kullanmay\u0131 kabul ettiniz.<\/p><p>\u00c7erez, bir web sayfas\u0131 sunucusu taraf\u0131ndan sabit diskinize yerle\u015ftirilen bir metin dosyas\u0131d\u0131r. \u00c7erezler , programlar\u0131 \u00e7al\u0131\u015ft\u0131rmak veya bilgisayar\u0131n\u0131za vir\u00fcs bula\u015ft\u0131rmak i\u00e7in kullan\u0131lamaz . \u00c7erezler size \u00f6zel olarak atan\u0131r ve yaln\u0131zca size \u00e7erezi veren alan ad\u0131ndaki bir web sunucusu taraf\u0131ndan okunabilir.<\/p><p>Web sitemizi i\u015fletmek amac\u0131yla istatistiksel veya pazarlama amac\u0131yla bilgi toplamak, saklamak ve izlemek i\u00e7in \u00e7erezleri kullanabiliriz. \u0130ste\u011fe ba\u011fl\u0131 \u00c7erezleri kabul etme veya reddetme olana\u011f\u0131na sahipsiniz. Web sitemizin \u00e7al\u0131\u015fmas\u0131 i\u00e7in gerekli olan baz\u0131 gerekli \u00c7erezler bulunmaktad\u0131r . Bu \u00e7erezler her zaman \u00e7al\u0131\u015ft\u0131klar\u0131 i\u00e7in sizin izninizi gerektirmezler. L\u00fctfen gerekli \u00c7erezleri kabul ederek, web sitemizde bu t\u00fcr hizmetleri kullanman\u0131z durumunda \u00fc\u00e7\u00fcnc\u00fc taraflarca sa\u011flanan hizmetler arac\u0131l\u0131\u011f\u0131yla kullan\u0131labilecek \u00fc\u00e7\u00fcnc\u00fc taraf \u00c7erezlerini de kabul etti\u011finizi unutmay\u0131n; \u00f6rne\u011fin, \u00fc\u00e7\u00fcnc\u00fc taraflarca sa\u011flanan ve entegre edilen bir video g\u00f6r\u00fcnt\u00fcleme penceresi . web sitemize girin.<\/p><p><strong>\u00c7evrimi\u00e7i Ma\u011faza \u015eartlar\u0131:<\/strong><\/p><p>Bu Hizmet \u015eartlar\u0131n\u0131 kabul ederek, en az\u0131ndan ikamet etti\u011finiz eyalet veya ilde re\u015fit olma ya\u015f\u0131nda oldu\u011funuzu veya ikamet etti\u011finiz eyalet veya ilde re\u015fit olma ya\u015f\u0131nda oldu\u011funuzu ve bize bu Hizmet \u015eartlar\u0131n\u0131 kabul etti\u011finizi beyan edersiniz. bakmakla y\u00fck\u00fcml\u00fc oldu\u011funuz k\u00fc\u00e7\u00fck ki\u015filerden herhangi birinin bu siteyi kullanmas\u0131na izin verin. <br \/>\u00dcr\u00fcnlerimizi herhangi bir yasa d\u0131\u015f\u0131 veya yetkisiz ama\u00e7 i\u00e7in kullanamazs\u0131n\u0131z veya Hizmeti kullan\u0131rken, yarg\u0131 alan\u0131n\u0131zdaki herhangi bir yasay\u0131 (telif hakk\u0131 yasalar\u0131 dahil ancak bunlarla s\u0131n\u0131rl\u0131 olmamak \u00fczere) ihlal edemezsiniz. Herhangi bir solucan veya vir\u00fcs veya herhangi bir kod aktarmamal\u0131s\u0131n\u0131z. y\u0131k\u0131c\u0131 niteliktedir. \u015eartlardan herhangi birinin ihlali veya ihlali, Hizmetlerinizin derhal feshedilmesiyle sonu\u00e7lanacakt\u0131r.<\/p><p><strong>B\u00f6l\u00fcm 1 \u2013 Genel Ko\u015fullar<\/strong><\/p><p>Herhangi bir zamanda herhangi bir nedenle herhangi bir ki\u015fiye hizmet vermeyi reddetme hakk\u0131m\u0131z\u0131 sakl\u0131 tutuyoruz. <br \/>\u0130\u00e7eri\u011finizin (kredi kart\u0131 bilgileri hari\u00e7) \u015fifrelenmeden aktar\u0131labilece\u011fini ve (a) \u00e7e\u015fitli a\u011flar \u00fczerinden aktar\u0131mlar i\u00e7erebilece\u011fini; ve (b) a\u011flar\u0131n veya cihazlar\u0131n ba\u011flanmas\u0131na ili\u015fkin teknik gerekliliklere uymak ve bunlara uyum sa\u011flamak i\u00e7in yap\u0131lan de\u011fi\u015fiklikler. Kredi kart\u0131 bilgileri a\u011flar \u00fczerinden aktar\u0131m s\u0131ras\u0131nda <br \/>daima \u015fifrelenir . Hizmetin herhangi bir b\u00f6l\u00fcm\u00fcn\u00fc, Hizmetin kullan\u0131m\u0131n\u0131 veya Hizmete eri\u015fimi veya hizmetin sa\u011fland\u0131\u011f\u0131 web sitesindeki herhangi bir ki\u015fiyi taraf\u0131m\u0131zdan a\u00e7\u0131k yaz\u0131l\u0131 izin olmadan \u00e7o\u011faltmayaca\u011f\u0131n\u0131z\u0131, \u00e7o\u011faltmayaca\u011f\u0131n\u0131z\u0131, kopyalamayaca\u011f\u0131n\u0131z\u0131, satmayaca\u011f\u0131n\u0131z\u0131, yeniden satmayaca\u011f\u0131n\u0131z\u0131 veya istismar etmeyece\u011finizi kabul edersiniz . . <br \/>Bu s\u00f6zle\u015fmede kullan\u0131lan ba\u015fl\u0131klar yaln\u0131zca kolayl\u0131k sa\u011flamak amac\u0131yla dahil edilmi\u015ftir ve bu \u015eartlar\u0131 s\u0131n\u0131rlamayacak veya ba\u015fka bir \u015fekilde etkilemeyecektir.<\/p><p><strong>B\u00f6l\u00fcm 2 \u2013 Bilgilerin Do\u011frulu\u011fu, Taml\u0131\u011f\u0131 ve G\u00fcncelli\u011fi <\/strong><strong><br \/><\/strong>Bu sitede sunulan bilgilerin do\u011fru, tam veya g\u00fcncel olmamas\u0131ndan sorumlu de\u011filiz . Bu sitedeki materyaller yaln\u0131zca genel bilgi ama\u00e7l\u0131d\u0131r ve birincil, daha do\u011fru, daha eksiksiz veya daha g\u00fcncel bilgi kaynaklar\u0131na dan\u0131\u015f\u0131lmadan karar vermede tek temel olarak kullan\u0131lmamal\u0131 veya bunlara g\u00fcvenilmemelidir. Bu sitedeki materyallere g\u00fcvenmenin riski size aittir. <br \/>Bu sitenin i\u00e7eri\u011fini herhangi bir zamanda de\u011fi\u015ftirme hakk\u0131m\u0131z sakl\u0131d\u0131r ancak sitemizdeki herhangi bir bilgiyi g\u00fcncelleme y\u00fck\u00fcml\u00fcl\u00fc\u011f\u00fcm\u00fcz yoktur. Sitemizde yap\u0131lan de\u011fi\u015fiklikleri izlemenin sizin sorumlulu\u011funuzda oldu\u011funu kabul edersiniz.<\/p><p><strong>B\u00f6l\u00fcm 3 = Hizmet ve Fiyatlarda De\u011fi\u015fiklikler : <\/strong><strong><br \/><\/strong>\u00dcr\u00fcnlerimizin fiyatlar\u0131 \u00f6nceden haber verilmeksizin de\u011fi\u015ftirilebilir. <br \/>Hizmeti (veya herhangi bir b\u00f6l\u00fcm\u00fcn\u00fc veya i\u00e7eri\u011fini) herhangi bir zamanda bildirimde bulunmaks\u0131z\u0131n de\u011fi\u015ftirme veya durdurma hakk\u0131n\u0131 herhangi bir zamanda sakl\u0131 tutar\u0131z. Herhangi bir de\u011fi\u015fiklik, fiyat de\u011fi\u015fikli\u011fi, ask\u0131ya alma veya sonland\u0131rma konusunda size veya herhangi bir \u00fc\u00e7\u00fcnc\u00fc tarafa kar\u015f\u0131 sorumlu olmayaca\u011f\u0131z. Hizmetin.<\/p><p><strong>B\u00f6l\u00fcm 4 \u2013 \u00dcr\u00fcnler veya Hizmetler (varsa) : <\/strong><strong><br \/><\/strong>Belirli \u00fcr\u00fcnler veya hizmetler yaln\u0131zca web sitesi arac\u0131l\u0131\u011f\u0131yla \u00e7evrimi\u00e7i olarak sunulabilir. <br \/>Bu \u00fcr\u00fcn veya hizmetler s\u0131n\u0131rl\u0131 say\u0131da olabilir ve yaln\u0131zca \u0130ade Politikam\u0131za g\u00f6re iade veya de\u011fi\u015fime tabidir.<\/p><p><strong>Fikri m\u00fclkiyet<\/strong><\/p><p><strong>Telif hakk\u0131 : Thingiverse.com ve Printables.com kaynakl\u0131 t\u00fcm STL dosyalar\u0131 <\/strong>, ilgili platformlar\u0131n ilgili h\u00fck\u00fcm ve ko\u015fullar\u0131na ve telif haklar\u0131na tabidir . Kullan\u0131c\u0131lar bu \u015fartlara uymal\u0131 ve telif hakk\u0131 yasalar\u0131n\u0131 ihlal eden dosyalar y\u00fcklememelidir.<\/p><p><strong>Yapmamal\u0131s\u0131n:<\/strong><\/p><p>3D4You&#8217;dan materyali kopyalay\u0131n veya yeniden yay\u0131nlay\u0131n 3D4You&#8217;dan materyali <br \/>sat\u0131n, kiralay\u0131n veya alt lisanslay\u0131n 3D4You&#8217;dan materyali \u00e7o\u011falt\u0131n, \u00e7o\u011falt\u0131n veya kopyalay\u0131n 3D4You&#8217;dan i\u00e7eri\u011fi yeniden da\u011f\u0131t\u0131n<\/p><p>Bu web sitesinin baz\u0131 b\u00f6l\u00fcmleri, kullan\u0131c\u0131lara web sitesinin belirli alanlar\u0131nda fikir ve bilgi payla\u015fma ve fikir al\u0131\u015fveri\u015finde bulunma f\u0131rsat\u0131 sunar. 3D4You, Yorumlar\u0131 web sitesinde bulunmadan \u00f6nce filtrelemez, d\u00fczenlemez, yay\u0131nlamaz veya incelemez. Yorumlar 3D4You&#8217;nun, acentelerinin ve\/veya ba\u011fl\u0131 kurulu\u015flar\u0131n\u0131n g\u00f6r\u00fc\u015f ve d\u00fc\u015f\u00fcncelerini yans\u0131tmaz. Yorumlar, g\u00f6r\u00fc\u015f ve d\u00fc\u015f\u00fcncelerini yay\u0131nlayan ki\u015finin g\u00f6r\u00fc\u015f ve d\u00fc\u015f\u00fcncelerini yans\u0131t\u0131r. Y\u00fcr\u00fcrl\u00fckteki yasalar\u0131n izin verdi\u011fi \u00f6l\u00e7\u00fcde, 3D4You, bu Yorumlar\u0131n herhangi bir \u015fekilde kullan\u0131lmas\u0131 ve\/veya yay\u0131nlanmas\u0131 ve\/veya ortaya \u00e7\u0131kmas\u0131 sonucunda ortaya \u00e7\u0131kan ve\/veya maruz kal\u0131nan Yorumlardan veya herhangi bir y\u00fck\u00fcml\u00fcl\u00fckten, zarardan veya masraftan sorumlu olmayacakt\u0131r. \u0130nternet sitesi.<\/p><p>olarak de\u011ferlendirilebilecek veya bu H\u00fck\u00fcm ve Ko\u015fullar\u0131n ihlaline neden olabilecek Yorumlar\u0131 kald\u0131rma hakk\u0131n\u0131 sakl\u0131 tutar .<\/p><p>A\u015fa\u011f\u0131dakileri garanti ve beyan edersiniz:<\/p><p>Yorumlar\u0131 web sitemizde yay\u0131nlama hakk\u0131na sahipsiniz ve bunu yapmak i\u00e7in gerekli t\u00fcm lisanslara ve izinlere sahipsiniz ; <br \/>Yorumlar, herhangi bir \u00fc\u00e7\u00fcnc\u00fc taraf\u0131n telif hakk\u0131, patenti veya ticari markas\u0131 dahil ancak bunlarla s\u0131n\u0131rl\u0131 olmamak \u00fczere hi\u00e7bir fikri m\u00fclkiyet hakk\u0131n\u0131 ihlal etmez; Yorumlar, gizlili\u011fi ihlal eden herhangi bir karalay\u0131c\u0131, iftira niteli\u011finde, sald\u0131rgan, uygunsuz veya ba\u015fka bir \u015fekilde yasa d\u0131\u015f\u0131 materyal i\u00e7ermez. Yorumlar, i\u015f veya \u00f6zel veya ticari faaliyetleri veya yasa d\u0131\u015f\u0131 faaliyetleri te\u015fvik etmek veya tan\u0131tmak i\u00e7in kullan\u0131lmayacakt\u0131r . \u0130\u015fbu belge ile 3D4You&#8217;ya, Yorumlar\u0131n\u0131z\u0131 <br \/>herhangi bir ve t\u00fcm form, format veya ortamda kullanma, \u00e7o\u011faltma, d\u00fczenleme ve ba\u015fkalar\u0131na kullanma, \u00e7o\u011faltma ve d\u00fczenleme yetkisi verme konusunda m\u00fcnhas\u0131r olmayan bir lisans veriyorsunuz .<\/p><p>\u00a0<\/p>\t\t\t\t\t\t<\/div>\n\t\t\t\t<\/div>\n\t\t\t\t\t<\/div>\n\t\t\t\t<\/div>\n\t\t\t\t\t\t\t<\/div>\n\t\t","protected":false},"excerpt":{"rendered":"<p>Terms &amp; Conditions \u015eartlar ve Ko\u015fullar 3D4You&#8217;ya ho\u015f geldiniz! Bu \u015fartlar ve ko\u015fullar, https:\/\/www.3d4you.net adresinde bulunan 3D4You Web Sitesinin kullan\u0131m\u0131na ili\u015fkin kural ve d\u00fczenlemeleri \u00f6zetlemektedir. Bu web sitesine eri\u015ferek bu \u015fart ve ko\u015fullar\u0131 kabul etti\u011finizi varsay\u0131yoruz. Bu sayfada belirtilen h\u00fck\u00fcm ve ko\u015fullar\u0131n tamam\u0131n\u0131 kabul etmiyorsan\u0131z 3D4You&#8217;yu kullanmaya devam etmeyin. \u00c7erezler:: Web sitesi, \u00e7evrimi\u00e7i deneyiminizi ki\u015fiselle\u015ftirmenize [&hellip;]<\/p>\n","protected":false},"author":1,"featured_media":0,"parent":0,"menu_order":0,"comment_status":"closed","ping_status":"closed","template":"","meta":{"footnotes":""},"class_list":["post-1568","page","type-page","status-publish","hentry"],"_links":{"self":[{"href":"https:\/\/3d4you.net\/tr\/wp-json\/wp\/v2\/pages\/1568","targetHints":{"allow":["GET"]}}],"collection":[{"href":"https:\/\/3d4you.net\/tr\/wp-json\/wp\/v2\/pages"}],"about":[{"href":"https:\/\/3d4you.net\/tr\/wp-json\/wp\/v2\/types\/page"}],"author":[{"embeddable":true,"href":"https:\/\/3d4you.net\/tr\/wp-json\/wp\/v2\/users\/1"}],"replies":[{"embeddable":true,"href":"https:\/\/3d4you.net\/tr\/wp-json\/wp\/v2\/comments?post=1568"}],"version-history":[{"count":13,"href":"https:\/\/3d4you.net\/tr\/wp-json\/wp\/v2\/pages\/1568\/revisions"}],"predecessor-version":[{"id":1581,"href":"https:\/\/3d4you.net\/tr\/wp-json\/wp\/v2\/pages\/1568\/revisions\/1581"}],"wp:attachment":[{"href":"https:\/\/3d4you.net\/tr\/wp-json\/wp\/v2\/media?parent=1568"}],"curies":[{"name":"wp","href":"https:\/\/api.w.org\/{rel}","templated":true}]}}