{"id":1501,"date":"2023-09-14T16:06:09","date_gmt":"2023-09-14T16:06:09","guid":{"rendered":"https:\/\/3d4you.net\/product\/hexa-kalemlik\/"},"modified":"2023-09-14T16:06:09","modified_gmt":"2023-09-14T16:06:09","slug":"hexa-pencil-holder","status":"publish","type":"product","link":"https:\/\/3d4you.net\/tr\/urun\/hexa-pencil-holder\/","title":{"rendered":"Hexa Kalemlik"},"content":{"rendered":"<p>\u00dcr\u00fcn Detaylar\u0131:<br \/>\nMalzeme: PLA<br \/>\n\u00c7e\u015fitli renklerde 3D bask\u0131<br \/>\nBoyutlar: U 81,2 mm x G 40,4 mm Y 20 mm<\/p>\n<p>Daha b\u00fcy\u00fck miktarlar i\u00e7in bireysel sipari\u015fleri kabul etmekten mutluluk duyar\u0131z.<br \/>\nDaha fazla bilgi i\u00e7in l\u00fctfen bizimle ileti\u015fime ge\u00e7in.<\/p>\n","protected":false},"excerpt":{"rendered":"<p>Hexa Kalemlik<\/p>\n","protected":false},"featured_media":2340,"template":"","meta":[],"product_cat":[90],"product_tag":[83,84,147,91,82],"class_list":{"0":"post-1501","1":"product","2":"type-product","3":"status-publish","4":"has-post-thumbnail","6":"product_cat-masa-malzemeleri","7":"product_tag-3d-baskili-model","8":"product_tag-3d-yazici","9":"product_tag-bebek-groot-kalem-tutucu","10":"product_tag-masa-duzenleyici","11":"product_tag-talep-uzerine-3d-baski","13":"first","14":"instock","15":"shipping-taxable","16":"purchasable","17":"product-type-variable","18":"has-default-attributes"},"_links":{"self":[{"href":"https:\/\/3d4you.net\/tr\/wp-json\/wp\/v2\/product\/1501","targetHints":{"allow":["GET"]}}],"collection":[{"href":"https:\/\/3d4you.net\/tr\/wp-json\/wp\/v2\/product"}],"about":[{"href":"https:\/\/3d4you.net\/tr\/wp-json\/wp\/v2\/types\/product"}],"wp:featuredmedia":[{"embeddable":true,"href":"https:\/\/3d4you.net\/tr\/wp-json\/wp\/v2\/media\/2340"}],"wp:attachment":[{"href":"https:\/\/3d4you.net\/tr\/wp-json\/wp\/v2\/media?parent=1501"}],"wp:term":[{"taxonomy":"product_cat","embeddable":true,"href":"https:\/\/3d4you.net\/tr\/wp-json\/wp\/v2\/product_cat?post=1501"},{"taxonomy":"product_tag","embeddable":true,"href":"https:\/\/3d4you.net\/tr\/wp-json\/wp\/v2\/product_tag?post=1501"}],"curies":[{"name":"wp","href":"https:\/\/api.w.org\/{rel}","templated":true}]}}