{"id":2019,"date":"2023-09-13T22:03:42","date_gmt":"2023-09-13T22:03:42","guid":{"rendered":"https:\/\/3d4you.net\/product\/dunya-kupasi-kupasi\/"},"modified":"2023-09-13T22:03:42","modified_gmt":"2023-09-13T22:03:42","slug":"world-cup","status":"publish","type":"product","link":"https:\/\/3d4you.net\/tr\/urun\/world-cup\/","title":{"rendered":"D\u00fcnya Kupas\u0131 Kupas\u0131"},"content":{"rendered":"<p>\u00dcr\u00fcn Detaylar\u0131:<br \/>\nMalzeme: PLA<br \/>\n\u00c7e\u015fitli renklerde 3D bask\u0131<br \/>\nBoyutlar: U 81,2 mm x G 40,4 mm Y 20 mm<\/p>\n<p>Daha b\u00fcy\u00fck miktarlar i\u00e7in bireysel sipari\u015fleri kabul etmekten mutluluk duyar\u0131z.<br \/>\nDaha fazla bilgi i\u00e7in l\u00fctfen bizimle ileti\u015fime ge\u00e7in.<\/p>\n","protected":false},"excerpt":{"rendered":"<p>D\u00fcnya Kupas\u0131 Kupas\u0131<\/p>\n","protected":false},"featured_media":1373,"template":"","meta":[],"product_cat":[96],"product_tag":[83,84,124,123,82],"class_list":{"0":"post-2019","1":"product","2":"type-product","3":"status-publish","4":"has-post-thumbnail","6":"product_cat-spor","7":"product_tag-3d-baskili-model","8":"product_tag-3d-yazici","9":"product_tag-dunya-kupasi","10":"product_tag-kupa-bardak-koleksiyonu","11":"product_tag-talep-uzerine-3d-baski","13":"first","14":"instock","15":"shipping-taxable","16":"purchasable","17":"product-type-variable","18":"has-default-attributes"},"_links":{"self":[{"href":"https:\/\/3d4you.net\/tr\/wp-json\/wp\/v2\/product\/2019","targetHints":{"allow":["GET"]}}],"collection":[{"href":"https:\/\/3d4you.net\/tr\/wp-json\/wp\/v2\/product"}],"about":[{"href":"https:\/\/3d4you.net\/tr\/wp-json\/wp\/v2\/types\/product"}],"wp:featuredmedia":[{"embeddable":true,"href":"https:\/\/3d4you.net\/tr\/wp-json\/wp\/v2\/media\/1373"}],"wp:attachment":[{"href":"https:\/\/3d4you.net\/tr\/wp-json\/wp\/v2\/media?parent=2019"}],"wp:term":[{"taxonomy":"product_cat","embeddable":true,"href":"https:\/\/3d4you.net\/tr\/wp-json\/wp\/v2\/product_cat?post=2019"},{"taxonomy":"product_tag","embeddable":true,"href":"https:\/\/3d4you.net\/tr\/wp-json\/wp\/v2\/product_tag?post=2019"}],"curies":[{"name":"wp","href":"https:\/\/api.w.org\/{rel}","templated":true}]}}