{"id":2107,"date":"2023-09-13T21:44:29","date_gmt":"2023-09-13T21:44:29","guid":{"rendered":"https:\/\/3d4you.net\/product\/super-esnek-gecko\/"},"modified":"2023-09-13T21:44:29","modified_gmt":"2023-09-13T21:44:29","slug":"flexi-gecko","status":"publish","type":"product","link":"https:\/\/3d4you.net\/tr\/urun\/flexi-gecko\/","title":{"rendered":"S\u00fcper Esnek Gecko"},"content":{"rendered":"<p>\u00dcr\u00fcn Detaylar\u0131:<br \/>\nMalzeme: PLA<br \/>\n\u00c7e\u015fitli renklerde 3D bask\u0131<br \/>\nBoyutlar: U 81,2 mm x G 40,4 mm Y 20 mm<\/p>\n<p>Daha b\u00fcy\u00fck miktarlar i\u00e7in bireysel sipari\u015fleri kabul etmekten mutluluk duyar\u0131z.<br \/>\nDaha fazla bilgi i\u00e7in l\u00fctfen bizimle ileti\u015fime ge\u00e7in.<\/p>\n","protected":false},"excerpt":{"rendered":"<p>S\u00fcper Esnek Gecko<\/p>\n","protected":false},"featured_media":1357,"template":"","meta":[],"product_cat":[97],"product_tag":[83,84,110,129,109,82],"class_list":{"0":"post-2107","1":"product","2":"type-product","3":"status-publish","4":"has-post-thumbnail","6":"product_cat-oyuncaklar","7":"product_tag-3d-baskili-model","8":"product_tag-3d-yazici","9":"product_tag-esnek","10":"product_tag-gecko-tr","11":"product_tag-oyuncaklar","12":"product_tag-talep-uzerine-3d-baski","14":"first","15":"instock","16":"shipping-taxable","17":"purchasable","18":"product-type-variable","19":"has-default-attributes"},"_links":{"self":[{"href":"https:\/\/3d4you.net\/tr\/wp-json\/wp\/v2\/product\/2107","targetHints":{"allow":["GET"]}}],"collection":[{"href":"https:\/\/3d4you.net\/tr\/wp-json\/wp\/v2\/product"}],"about":[{"href":"https:\/\/3d4you.net\/tr\/wp-json\/wp\/v2\/types\/product"}],"wp:featuredmedia":[{"embeddable":true,"href":"https:\/\/3d4you.net\/tr\/wp-json\/wp\/v2\/media\/1357"}],"wp:attachment":[{"href":"https:\/\/3d4you.net\/tr\/wp-json\/wp\/v2\/media?parent=2107"}],"wp:term":[{"taxonomy":"product_cat","embeddable":true,"href":"https:\/\/3d4you.net\/tr\/wp-json\/wp\/v2\/product_cat?post=2107"},{"taxonomy":"product_tag","embeddable":true,"href":"https:\/\/3d4you.net\/tr\/wp-json\/wp\/v2\/product_tag?post=2107"}],"curies":[{"name":"wp","href":"https:\/\/api.w.org\/{rel}","templated":true}]}}