{"id":2177,"date":"2023-09-13T19:28:31","date_gmt":"2023-09-13T19:28:31","guid":{"rendered":"https:\/\/3d4you.net\/product\/mini-flexi-ahtapot\/"},"modified":"2023-09-13T19:28:31","modified_gmt":"2023-09-13T19:28:31","slug":"flexi-octopus","status":"publish","type":"product","link":"https:\/\/3d4you.net\/tr\/urun\/flexi-octopus\/","title":{"rendered":"Mini Flexi Ahtapot"},"content":{"rendered":"<p>\u00dcr\u00fcn Detaylar\u0131:<br \/>\nMalzeme: PLA<br \/>\n\u00c7e\u015fitli renklerde 3D bask\u0131<br \/>\nBoyutlar: U 81,2 mm x G 40,4 mm Y 20 mm<\/p>\n<p>Daha b\u00fcy\u00fck miktarlar i\u00e7in bireysel sipari\u015fleri kabul etmekten mutluluk duyar\u0131z.<br \/>\nDaha fazla bilgi i\u00e7in l\u00fctfen bizimle ileti\u015fime ge\u00e7in.<\/p>\n","protected":false},"excerpt":{"rendered":"<p>Mini Flexi Ahtapot<\/p>\n","protected":false},"featured_media":1343,"template":"","meta":[],"product_cat":[97],"product_tag":[83,84,134,110,133,109,82],"class_list":{"0":"post-2177","1":"product","2":"type-product","3":"status-publish","4":"has-post-thumbnail","6":"product_cat-oyuncaklar","7":"product_tag-3d-baskili-model","8":"product_tag-3d-yazici","9":"product_tag-ahtapot","10":"product_tag-esnek","11":"product_tag-fil","12":"product_tag-oyuncaklar","13":"product_tag-talep-uzerine-3d-baski","15":"first","16":"instock","17":"shipping-taxable","18":"purchasable","19":"product-type-variable","20":"has-default-attributes"},"_links":{"self":[{"href":"https:\/\/3d4you.net\/tr\/wp-json\/wp\/v2\/product\/2177","targetHints":{"allow":["GET"]}}],"collection":[{"href":"https:\/\/3d4you.net\/tr\/wp-json\/wp\/v2\/product"}],"about":[{"href":"https:\/\/3d4you.net\/tr\/wp-json\/wp\/v2\/types\/product"}],"wp:featuredmedia":[{"embeddable":true,"href":"https:\/\/3d4you.net\/tr\/wp-json\/wp\/v2\/media\/1343"}],"wp:attachment":[{"href":"https:\/\/3d4you.net\/tr\/wp-json\/wp\/v2\/media?parent=2177"}],"wp:term":[{"taxonomy":"product_cat","embeddable":true,"href":"https:\/\/3d4you.net\/tr\/wp-json\/wp\/v2\/product_cat?post=2177"},{"taxonomy":"product_tag","embeddable":true,"href":"https:\/\/3d4you.net\/tr\/wp-json\/wp\/v2\/product_tag?post=2177"}],"curies":[{"name":"wp","href":"https:\/\/api.w.org\/{rel}","templated":true}]}}