{"id":2222,"date":"2023-09-14T15:57:25","date_gmt":"2023-09-14T15:57:25","guid":{"rendered":"https:\/\/3d4you.net\/product\/baykus-sabunluk\/"},"modified":"2023-09-14T15:57:25","modified_gmt":"2023-09-14T15:57:25","slug":"owl-soap-dish","status":"publish","type":"product","link":"https:\/\/3d4you.net\/tr\/urun\/owl-soap-dish\/","title":{"rendered":"Bayku\u015f Sabunluk"},"content":{"rendered":"<p>\u00dcr\u00fcn Detaylar\u0131:<br \/>\nMalzeme: PLA<br \/>\n\u00c7e\u015fitli renklerde 3D bask\u0131<br \/>\nBoyutlar: U 81,2 mm x G 40,4 mm Y 20 mm<\/p>\n<p>Daha b\u00fcy\u00fck miktarlar i\u00e7in bireysel sipari\u015fleri kabul etmekten mutluluk duyar\u0131z.<br \/>\nDaha fazla bilgi i\u00e7in l\u00fctfen bizimle ileti\u015fime ge\u00e7in.<\/p>\n","protected":false},"excerpt":{"rendered":"<p>Bayku\u015f Sabunluk<\/p>\n","protected":false},"featured_media":1429,"template":"","meta":[],"product_cat":[95],"product_tag":[83,84,135,82],"class_list":{"0":"post-2222","1":"product","2":"type-product","3":"status-publish","4":"has-post-thumbnail","6":"product_cat-ev-malzemeleri","7":"product_tag-3d-baskili-model","8":"product_tag-3d-yazici","9":"product_tag-baykus-sabunluk","10":"product_tag-talep-uzerine-3d-baski","12":"first","13":"instock","14":"shipping-taxable","15":"purchasable","16":"product-type-variable","17":"has-default-attributes"},"_links":{"self":[{"href":"https:\/\/3d4you.net\/tr\/wp-json\/wp\/v2\/product\/2222","targetHints":{"allow":["GET"]}}],"collection":[{"href":"https:\/\/3d4you.net\/tr\/wp-json\/wp\/v2\/product"}],"about":[{"href":"https:\/\/3d4you.net\/tr\/wp-json\/wp\/v2\/types\/product"}],"wp:featuredmedia":[{"embeddable":true,"href":"https:\/\/3d4you.net\/tr\/wp-json\/wp\/v2\/media\/1429"}],"wp:attachment":[{"href":"https:\/\/3d4you.net\/tr\/wp-json\/wp\/v2\/media?parent=2222"}],"wp:term":[{"taxonomy":"product_cat","embeddable":true,"href":"https:\/\/3d4you.net\/tr\/wp-json\/wp\/v2\/product_cat?post=2222"},{"taxonomy":"product_tag","embeddable":true,"href":"https:\/\/3d4you.net\/tr\/wp-json\/wp\/v2\/product_tag?post=2222"}],"curies":[{"name":"wp","href":"https:\/\/api.w.org\/{rel}","templated":true}]}}