{"id":2316,"date":"2023-09-14T11:02:14","date_gmt":"2023-09-14T11:02:14","guid":{"rendered":"https:\/\/3d4you.net\/product\/fossil-sport-akilli-saat-sarj-cihazi\/"},"modified":"2023-09-14T11:02:14","modified_gmt":"2023-09-14T11:02:14","slug":"smartwatch-charger","status":"publish","type":"product","link":"https:\/\/3d4you.net\/tr\/urun\/smartwatch-charger\/","title":{"rendered":"Fossil Sport Ak\u0131ll\u0131 Saat \u015earj Cihaz\u0131"},"content":{"rendered":"<p>\u00dcr\u00fcn Detaylar\u0131:<br \/>\nMalzeme: PLA<br \/>\n\u00c7e\u015fitli renklerde 3D bask\u0131<br \/>\nBoyutlar: U 81,2 mm x G 40,4 mm Y 20 mm<\/p>\n<p>Daha b\u00fcy\u00fck miktarlar i\u00e7in bireysel sipari\u015fleri kabul etmekten mutluluk duyar\u0131z.<br \/>\nDaha fazla bilgi i\u00e7in l\u00fctfen bizimle ileti\u015fime ge\u00e7in.<\/p>\n","protected":false},"excerpt":{"rendered":"<p>Fossil Sport Ak\u0131ll\u0131 Saat \u015earj Cihaz\u0131<\/p>\n","protected":false},"featured_media":1396,"template":"","meta":[],"product_cat":[90],"product_tag":[83,84,142,82],"class_list":{"0":"post-2316","1":"product","2":"type-product","3":"status-publish","4":"has-post-thumbnail","6":"product_cat-masa-malzemeleri","7":"product_tag-3d-baskili-model","8":"product_tag-3d-yazici","9":"product_tag-fossil-sport-akilli-saat-sarj-cihazi","10":"product_tag-talep-uzerine-3d-baski","12":"first","13":"instock","14":"shipping-taxable","15":"purchasable","16":"product-type-variable","17":"has-default-attributes"},"_links":{"self":[{"href":"https:\/\/3d4you.net\/tr\/wp-json\/wp\/v2\/product\/2316","targetHints":{"allow":["GET"]}}],"collection":[{"href":"https:\/\/3d4you.net\/tr\/wp-json\/wp\/v2\/product"}],"about":[{"href":"https:\/\/3d4you.net\/tr\/wp-json\/wp\/v2\/types\/product"}],"wp:featuredmedia":[{"embeddable":true,"href":"https:\/\/3d4you.net\/tr\/wp-json\/wp\/v2\/media\/1396"}],"wp:attachment":[{"href":"https:\/\/3d4you.net\/tr\/wp-json\/wp\/v2\/media?parent=2316"}],"wp:term":[{"taxonomy":"product_cat","embeddable":true,"href":"https:\/\/3d4you.net\/tr\/wp-json\/wp\/v2\/product_cat?post=2316"},{"taxonomy":"product_tag","embeddable":true,"href":"https:\/\/3d4you.net\/tr\/wp-json\/wp\/v2\/product_tag?post=2316"}],"curies":[{"name":"wp","href":"https:\/\/api.w.org\/{rel}","templated":true}]}}