{"id":2326,"date":"2023-09-14T09:58:18","date_gmt":"2023-09-14T09:58:18","guid":{"rendered":"https:\/\/3d4you.net\/product\/sonsuzluk-kupu\/"},"modified":"2023-09-14T09:58:18","modified_gmt":"2023-09-14T09:58:18","slug":"infinity-cube","status":"publish","type":"product","link":"https:\/\/3d4you.net\/tr\/urun\/infinity-cube\/","title":{"rendered":"Sonsuzluk K\u00fcp\u00fc"},"content":{"rendered":"<p>\u00dcr\u00fcn Detaylar\u0131:<br \/>\nMalzeme: PLA<br \/>\n\u00c7e\u015fitli renklerde 3D bask\u0131<br \/>\nBoyutlar: U 81,2 mm x G 40,4 mm Y 20 mm<\/p>\n<p>Daha b\u00fcy\u00fck miktarlar i\u00e7in bireysel sipari\u015fleri kabul etmekten mutluluk duyar\u0131z.<br \/>\nDaha fazla bilgi i\u00e7in l\u00fctfen bizimle ileti\u015fime ge\u00e7in.<\/p>\n","protected":false},"excerpt":{"rendered":"<p>Sonsuzluk K\u00fcp\u00fc<\/p>\n","protected":false},"featured_media":1391,"template":"","meta":[],"product_cat":[97],"product_tag":[83,84,110,109,143,82],"class_list":{"0":"post-2326","1":"product","2":"type-product","3":"status-publish","4":"has-post-thumbnail","6":"product_cat-oyuncaklar","7":"product_tag-3d-baskili-model","8":"product_tag-3d-yazici","9":"product_tag-esnek","10":"product_tag-oyuncaklar","11":"product_tag-sonsuzluk-kupu","12":"product_tag-talep-uzerine-3d-baski","14":"first","15":"instock","16":"shipping-taxable","17":"purchasable","18":"product-type-variable","19":"has-default-attributes"},"_links":{"self":[{"href":"https:\/\/3d4you.net\/tr\/wp-json\/wp\/v2\/product\/2326","targetHints":{"allow":["GET"]}}],"collection":[{"href":"https:\/\/3d4you.net\/tr\/wp-json\/wp\/v2\/product"}],"about":[{"href":"https:\/\/3d4you.net\/tr\/wp-json\/wp\/v2\/types\/product"}],"wp:featuredmedia":[{"embeddable":true,"href":"https:\/\/3d4you.net\/tr\/wp-json\/wp\/v2\/media\/1391"}],"wp:attachment":[{"href":"https:\/\/3d4you.net\/tr\/wp-json\/wp\/v2\/media?parent=2326"}],"wp:term":[{"taxonomy":"product_cat","embeddable":true,"href":"https:\/\/3d4you.net\/tr\/wp-json\/wp\/v2\/product_cat?post=2326"},{"taxonomy":"product_tag","embeddable":true,"href":"https:\/\/3d4you.net\/tr\/wp-json\/wp\/v2\/product_tag?post=2326"}],"curies":[{"name":"wp","href":"https:\/\/api.w.org\/{rel}","templated":true}]}}